{"id":37,"date":"2026-01-03T13:22:37","date_gmt":"2026-01-03T13:22:37","guid":{"rendered":"https:\/\/lebourgogne-restaurant-brasserie.com\/?page_id=37"},"modified":"2026-01-30T04:43:10","modified_gmt":"2026-01-30T04:43:10","slug":"home","status":"publish","type":"page","link":"https:\/\/lebourgogne-restaurant-brasserie.com\/en\/","title":{"rendered":"home"},"content":{"rendered":"<div data-elementor-type=\"wp-page\" data-elementor-id=\"37\" class=\"elementor elementor-37\">\n\t\t\t\t<div class=\"elementor-element elementor-element-2526dc6 elementor-hidden-desktop e-flex e-con-boxed e-con e-parent\" data-id=\"2526dc6\" data-element_type=\"container\" data-e-type=\"container\">\n\t\t\t\t\t<div class=\"e-con-inner\">\n\t\t\t\t<div class=\"elementor-element elementor-element-895daa4 elementor-widget elementor-widget-image-carousel\" data-id=\"895daa4\" data-element_type=\"widget\" data-e-type=\"widget\" data-settings=\"{&quot;slides_to_show&quot;:&quot;1&quot;,&quot;navigation&quot;:&quot;none&quot;,&quot;autoplay&quot;:&quot;yes&quot;,&quot;pause_on_interaction&quot;:&quot;yes&quot;,&quot;autoplay_speed&quot;:5000,&quot;infinite&quot;:&quot;yes&quot;,&quot;effect&quot;:&quot;slide&quot;,&quot;speed&quot;:500}\" data-widget_type=\"image-carousel.default\">\n\t\t\t\t\t\t\t<div class=\"elementor-image-carousel-wrapper swiper\" role=\"region\" aria-roledescription=\"carousel\" aria-label=\"Image Carousel\" dir=\"ltr\">\n\t\t\t<div class=\"elementor-image-carousel swiper-wrapper\" aria-live=\"off\">\n\t\t\t\t\t\t\t\t<div class=\"swiper-slide\" role=\"group\" aria-roledescription=\"slide\" aria-label=\"1 sur 3\"><figure class=\"swiper-slide-inner\"><img decoding=\"async\" class=\"swiper-slide-image\" src=\"https:\/\/lebourgogne-restaurant-brasserie.com\/wp-content\/uploads\/elementor\/thumbs\/dish1-1-rhi7kqy9qilel8rqrvp2pq73e7iofzgt5dp5zwuvmo.jpeg\" alt=\"dish1\" \/><\/figure><\/div><div class=\"swiper-slide\" role=\"group\" aria-roledescription=\"slide\" aria-label=\"2 sur 3\"><figure class=\"swiper-slide-inner\"><img decoding=\"async\" class=\"swiper-slide-image\" src=\"https:\/\/lebourgogne-restaurant-brasserie.com\/wp-content\/uploads\/elementor\/thumbs\/dish3-1-rhi7kwlavit4iwjjuy4u4oruyiqvq63765m2vkmilc.jpeg\" alt=\"dish3\" \/><\/figure><\/div><div class=\"swiper-slide\" role=\"group\" aria-roledescription=\"slide\" aria-label=\"3 sur 3\"><figure class=\"swiper-slide-inner\"><img decoding=\"async\" class=\"swiper-slide-image\" src=\"https:\/\/lebourgogne-restaurant-brasserie.com\/wp-content\/uploads\/elementor\/thumbs\/food-slider-ricoqpeltgbivvs8g388xk0c4346ehm9m47hfguco0.webp\" alt=\"food-slider\" \/><\/figure><\/div>\t\t\t<\/div>\n\t\t\t\t\t\t\t\n\t\t\t\t\t\t\t\t\t<\/div>\n\t\t\t\t\t\t<\/div>\n\t\t<div class=\"elementor-element elementor-element-f3db8cd e-con-full elementor-hidden-desktop e-flex e-con e-child\" data-id=\"f3db8cd\" data-element_type=\"container\" data-e-type=\"container\">\n\t\t\t\t<div class=\"elementor-element elementor-element-c81ea30 elementor-widget elementor-widget-image\" data-id=\"c81ea30\" data-element_type=\"widget\" data-e-type=\"widget\" data-widget_type=\"image.default\">\n\t\t\t\t\t\t\t\t\t\t\t\t\t\t\t<img decoding=\"async\" src=\"https:\/\/lebourgogne-restaurant-brasserie.com\/wp-content\/uploads\/elementor\/thumbs\/slider-right-rhi7usu4tqcsr4632q4fvovk3jyzrgdgv4v3rfyb34.jpeg\" title=\"slider-right\" alt=\"slider-right\" loading=\"lazy\" \/>\t\t\t\t\t\t\t\t\t\t\t\t\t\t\t<\/div>\n\t\t\t\t<\/div>\n\t\t\t\t\t<\/div>\n\t\t\t\t<\/div>\n\t\t<div class=\"elementor-element elementor-element-d9b777b elementor-hidden-desktop e-flex e-con-boxed e-con e-parent\" data-id=\"d9b777b\" data-element_type=\"container\" data-e-type=\"container\">\n\t\t\t\t\t<div class=\"e-con-inner\">\n\t\t\t\t<div class=\"elementor-element elementor-element-8217bf6 elementor-widget__width-auto elementor-widget elementor-widget-icon-box\" data-id=\"8217bf6\" data-element_type=\"widget\" data-e-type=\"widget\" data-widget_type=\"icon-box.default\">\n\t\t\t\t\t\t\t<div class=\"elementor-icon-box-wrapper\">\n\n\t\t\t\n\t\t\t\t\t\t<div class=\"elementor-icon-box-content\">\n\n\t\t\t\t\t\t\t\t\t<h6 class=\"elementor-icon-box-title\">\n\t\t\t\t\t\t<span  >\n\t\t\t\t\t\t\tLE BONHEUR DE VOUS FAIRE PLAISIR<br>AVEC DES PRIX  ABORDABLES \t\t\t\t\t\t<\/span>\n\t\t\t\t\t<\/h6>\n\t\t\t\t\n\t\t\t\t\n\t\t\t<\/div>\n\t\t\t\n\t\t<\/div>\n\t\t\t\t\t\t<\/div>\n\t\t\t\t\t<\/div>\n\t\t\t\t<\/div>\n\t\t<div class=\"elementor-element elementor-element-9296e95 e-con-full elementor-hidden-tablet elementor-hidden-mobile myslider e-flex e-con e-parent\" data-id=\"9296e95\" data-element_type=\"container\" data-e-type=\"container\">\n\t\t<div class=\"elementor-element elementor-element-bbd7adb e-con-full e-flex e-con e-child\" data-id=\"bbd7adb\" data-element_type=\"container\" data-e-type=\"container\">\n\t\t\t\t<div class=\"elementor-element elementor-element-ff249b6 elementor-widget elementor-widget-image-carousel\" data-id=\"ff249b6\" data-element_type=\"widget\" data-e-type=\"widget\" data-settings=\"{&quot;slides_to_show&quot;:&quot;1&quot;,&quot;navigation&quot;:&quot;none&quot;,&quot;autoplay&quot;:&quot;yes&quot;,&quot;pause_on_interaction&quot;:&quot;yes&quot;,&quot;autoplay_speed&quot;:5000,&quot;infinite&quot;:&quot;yes&quot;,&quot;effect&quot;:&quot;slide&quot;,&quot;speed&quot;:500}\" data-widget_type=\"image-carousel.default\">\n\t\t\t\t\t\t\t<div class=\"elementor-image-carousel-wrapper swiper\" role=\"region\" aria-roledescription=\"carousel\" aria-label=\"Image Carousel\" dir=\"ltr\">\n\t\t\t<div class=\"elementor-image-carousel swiper-wrapper\" aria-live=\"off\">\n\t\t\t\t\t\t\t\t<div class=\"swiper-slide\" role=\"group\" aria-roledescription=\"slide\" aria-label=\"1 sur 3\"><figure class=\"swiper-slide-inner\"><img decoding=\"async\" class=\"swiper-slide-image\" src=\"https:\/\/lebourgogne-restaurant-brasserie.com\/wp-content\/uploads\/elementor\/thumbs\/dish1-1-rhi7kqy9qilel8rqrvp2pq73e7iofzgt5dp5zwuvmo.jpeg\" alt=\"dish1\" \/><\/figure><\/div><div class=\"swiper-slide\" role=\"group\" aria-roledescription=\"slide\" aria-label=\"2 sur 3\"><figure class=\"swiper-slide-inner\"><img decoding=\"async\" class=\"swiper-slide-image\" src=\"https:\/\/lebourgogne-restaurant-brasserie.com\/wp-content\/uploads\/elementor\/thumbs\/dish3-1-rhi7kwlavit4iwjjuy4u4oruyiqvq63765m2vkmilc.jpeg\" alt=\"dish3\" \/><\/figure><\/div><div class=\"swiper-slide\" role=\"group\" aria-roledescription=\"slide\" aria-label=\"3 sur 3\"><figure class=\"swiper-slide-inner\"><img decoding=\"async\" class=\"swiper-slide-image\" src=\"https:\/\/lebourgogne-restaurant-brasserie.com\/wp-content\/uploads\/elementor\/thumbs\/food-slider-ricoqpeltgbivvs8g388xk0c4346ehm9m47hfguco0.webp\" alt=\"food-slider\" \/><\/figure><\/div>\t\t\t<\/div>\n\t\t\t\t\t\t\t\n\t\t\t\t\t\t\t\t\t<\/div>\n\t\t\t\t\t\t<\/div>\n\t\t\t\t<\/div>\n\t\t<div class=\"elementor-element elementor-element-69debaf e-con-full e-flex e-con e-child\" data-id=\"69debaf\" data-element_type=\"container\" data-e-type=\"container\">\n\t\t\t\t<div class=\"elementor-element elementor-element-84fa4a4 elementor-widget elementor-widget-image\" data-id=\"84fa4a4\" data-element_type=\"widget\" data-e-type=\"widget\" data-widget_type=\"image.default\">\n\t\t\t\t\t\t\t\t\t\t\t\t\t\t\t<img decoding=\"async\" src=\"https:\/\/lebourgogne-restaurant-brasserie.com\/wp-content\/uploads\/elementor\/thumbs\/slider-right-rhi7usu4tqcsr4632q4fvovk3jyzrgdgv4v3rfyb34.jpeg\" title=\"slider-right\" alt=\"slider-right\" loading=\"lazy\" \/>\t\t\t\t\t\t\t\t\t\t\t\t\t\t\t<\/div>\n\t\t\t\t<\/div>\n\t\t\t\t<\/div>\n\t\t<div class=\"elementor-element elementor-element-43f0441 e-flex e-con-boxed e-con e-parent\" data-id=\"43f0441\" data-element_type=\"container\" data-e-type=\"container\" data-settings=\"{&quot;background_background&quot;:&quot;classic&quot;}\">\n\t\t\t\t\t<div class=\"e-con-inner\">\n\t\t\t\t<div class=\"elementor-element elementor-element-b78139d elementor-widget__width-auto elementor-hidden-tablet elementor-hidden-mobile elementor-widget elementor-widget-icon-box\" data-id=\"b78139d\" data-element_type=\"widget\" data-e-type=\"widget\" data-widget_type=\"icon-box.default\">\n\t\t\t\t\t\t\t<div class=\"elementor-icon-box-wrapper\">\n\n\t\t\t\n\t\t\t\t\t\t<div class=\"elementor-icon-box-content\">\n\n\t\t\t\t\t\t\t\t\t<h6 class=\"elementor-icon-box-title\">\n\t\t\t\t\t\t<span  >\n\t\t\t\t\t\t\tLE BONHEUR DE VOUS FAIRE PLAISIR<br>AVEC DES PRIX  ABORDABLES \t\t\t\t\t\t<\/span>\n\t\t\t\t\t<\/h6>\n\t\t\t\t\n\t\t\t\t\n\t\t\t<\/div>\n\t\t\t\n\t\t<\/div>\n\t\t\t\t\t\t<\/div>\n\t\t\t\t\t<\/div>\n\t\t\t\t<\/div>\n\t\t<div class=\"elementor-element elementor-element-b87fdf8 e-flex e-con-boxed e-con e-parent\" data-id=\"b87fdf8\" data-element_type=\"container\" data-e-type=\"container\">\n\t\t\t\t\t<div class=\"e-con-inner\">\n\t\t\t\t<div class=\"elementor-element elementor-element-cc95c75 elementor-widget-divider--view-line elementor-widget elementor-widget-divider\" data-id=\"cc95c75\" data-element_type=\"widget\" data-e-type=\"widget\" data-widget_type=\"divider.default\">\n\t\t\t\t\t\t\t<div class=\"elementor-divider\">\n\t\t\t<span class=\"elementor-divider-separator\">\n\t\t\t\t\t\t<\/span>\n\t\t<\/div>\n\t\t\t\t\t\t<\/div>\n\t\t\t\t\t<\/div>\n\t\t\t\t<\/div>\n\t\t<div class=\"elementor-element elementor-element-e3f40e3 e-con-full e-flex e-con e-parent\" data-id=\"e3f40e3\" data-element_type=\"container\" data-e-type=\"container\">\n\t\t<div class=\"elementor-element elementor-element-554eb40 e-con-full e-flex e-con e-child\" data-id=\"554eb40\" data-element_type=\"container\" data-e-type=\"container\">\n\t\t\t\t<div class=\"elementor-element elementor-element-56577fb elementor-widget elementor-widget-video\" data-id=\"56577fb\" data-element_type=\"widget\" data-e-type=\"widget\" data-settings=\"{&quot;video_type&quot;:&quot;hosted&quot;,&quot;controls&quot;:&quot;yes&quot;}\" data-widget_type=\"video.default\">\n\t\t\t\t\t\t\t<div class=\"e-hosted-video elementor-wrapper elementor-open-inline\">\n\t\t\t\t\t<video class=\"elementor-video\" src=\"https:\/\/lebourgogne-restaurant-brasserie.com\/wp-content\/uploads\/2026\/01\/WhatsApp-Video-2026-01-10-at-3.45.39-PM.mp4\" controls=\"\" preload=\"metadata\" controlslist=\"nodownload\"><\/video>\n\t\t\t\t<\/div>\n\t\t\t\t\t\t<\/div>\n\t\t\t\t<\/div>\n\t\t<div class=\"elementor-element elementor-element-4cce35f e-con-full e-flex e-con e-child\" data-id=\"4cce35f\" data-element_type=\"container\" data-e-type=\"container\">\n\t\t\t\t<div class=\"elementor-element elementor-element-737697f elementor-widget elementor-widget-heading\" data-id=\"737697f\" data-element_type=\"widget\" data-e-type=\"widget\" data-widget_type=\"heading.default\">\n\t\t\t\t\t<h3 class=\"elementor-heading-title elementor-size-default\">BAR-restaurant-brasserie\n location de salle pour touT \u00e9v\u00e9nement: Anniversaire, Mariage, repas d'entreprise, banquet...<\/h3>\t\t\t\t<\/div>\n\t\t\t\t<div class=\"elementor-element elementor-element-12257d7 elementor-widget-divider--view-line elementor-widget elementor-widget-divider\" data-id=\"12257d7\" data-element_type=\"widget\" data-e-type=\"widget\" data-widget_type=\"divider.default\">\n\t\t\t\t\t\t\t<div class=\"elementor-divider\">\n\t\t\t<span class=\"elementor-divider-separator\">\n\t\t\t\t\t\t<\/span>\n\t\t<\/div>\n\t\t\t\t\t\t<\/div>\n\t\t\t\t<div class=\"elementor-element elementor-element-c4b0553 elementor-widget elementor-widget-text-editor\" data-id=\"c4b0553\" data-element_type=\"widget\" data-e-type=\"widget\" data-widget_type=\"text-editor.default\">\n\t\t\t\t\t\t\t\t\t<div>Le Bourgogne est un\u00a0 restaurant-Brasserie traditionnel fran\u00e7ais, situ\u00e9 au\u00a0<a href=\"https:\/\/www.google.com\/maps\/search\/74+rue+Pereire,+78100?entry=gmail&amp;source=g\" target=\"_blank\" rel=\"noopener\" data-saferedirecturl=\"https:\/\/www.google.com\/url?q=https:\/\/www.google.com\/maps\/search\/74%2Brue%2BPereire,%2B78100?entry%3Dgmail%26source%3Dg&amp;source=gmail&amp;ust=1768841771407000&amp;usg=AOvVaw09BF5-rToFTczEQhhebKaE\">74 rue Pereire, 78100<\/a>\u00a0\u00e0 Saint Germain-en-Laye, \u00e0 10 mn du ch\u00e2teau, pas loin de Paris, en Ile de France.<\/div><div>Les plats faits maison pleins de saveurs et de gouts renforce la notori\u00e9t\u00e9 dont les prix sont abordables et le service rapide.<\/div><div>Le personnel reconnu du m\u00e9tier a une exp\u00e9rience au moins de 30 ans, vous r\u00e9serve un accueil professionnel et tr\u00e8s chaleureux.<\/div><div>Sur la carte, vous avez des entr\u00e9es, plats et desserts, en plus des boissons (fraiches et chaudes), au bar ou en salle.<\/div><div>Les serveurs et serveuses vous proposent une qualit\u00e9 de vin et champagne bien s\u00e9lectionn\u00e9e, pour vous accompagner \u00e0 table.<\/div><div>Vous avez deux grandes salles, que vous pourrez privatiser pour organiser des mariages, \u00e9v\u00e9nements, banquet et autres&#8230;.<\/div>\t\t\t\t\t\t\t\t<\/div>\n\t\t\t\t<\/div>\n\t\t\t\t<\/div>\n\t\t<div class=\"elementor-element elementor-element-20f930c e-flex e-con-boxed e-con e-parent\" data-id=\"20f930c\" data-element_type=\"container\" data-e-type=\"container\">\n\t\t\t\t\t<div class=\"e-con-inner\">\n\t\t<div class=\"elementor-element elementor-element-bd81c90 e-con-full e-flex e-con e-child\" data-id=\"bd81c90\" data-element_type=\"container\" data-e-type=\"container\">\n\t\t\t\t<div class=\"elementor-element elementor-element-8d014f2 icon-box elementor-widget elementor-widget-icon-box\" data-id=\"8d014f2\" data-element_type=\"widget\" data-e-type=\"widget\" data-widget_type=\"icon-box.default\">\n\t\t\t\t\t\t\t<div class=\"elementor-icon-box-wrapper\">\n\n\t\t\t\n\t\t\t\t\t\t<div class=\"elementor-icon-box-content\">\n\n\t\t\t\t\t\t\t\t\t<h3 class=\"elementor-icon-box-title\">\n\t\t\t\t\t\t<a href=\"https:\/\/lebourgogne-restaurant-brasserie.com\/en\/gallery\/\" >\n\t\t\t\t\t\t\tPLATS &amp; DESSERTS\t\t\t\t\t\t<\/a>\n\t\t\t\t\t<\/h3>\n\t\t\t\t\n\t\t\t\t\n\t\t\t<\/div>\n\t\t\t\n\t\t<\/div>\n\t\t\t\t\t\t<\/div>\n\t\t\t\t<\/div>\n\t\t<div class=\"elementor-element elementor-element-296f724 e-con-full e-flex e-con e-child\" data-id=\"296f724\" data-element_type=\"container\" data-e-type=\"container\">\n\t\t\t\t<div class=\"elementor-element elementor-element-b50cd28 icon-box elementor-widget elementor-widget-icon-box\" data-id=\"b50cd28\" data-element_type=\"widget\" data-e-type=\"widget\" data-widget_type=\"icon-box.default\">\n\t\t\t\t\t\t\t<div class=\"elementor-icon-box-wrapper\">\n\n\t\t\t\n\t\t\t\t\t\t<div class=\"elementor-icon-box-content\">\n\n\t\t\t\t\t\t\t\t\t<h3 class=\"elementor-icon-box-title\">\n\t\t\t\t\t\t<a href=\"https:\/\/lebourgogne-restaurant-brasserie.com\/en\/gallery\/#BOISSONS\" >\n\t\t\t\t\t\t\tBOISSONS\t\t\t\t\t\t<\/a>\n\t\t\t\t\t<\/h3>\n\t\t\t\t\n\t\t\t\t\n\t\t\t<\/div>\n\t\t\t\n\t\t<\/div>\n\t\t\t\t\t\t<\/div>\n\t\t\t\t<\/div>\n\t\t\t\t\t<\/div>\n\t\t\t\t<\/div>\n\t\t<div class=\"elementor-element elementor-element-75db11a e-con-full e-flex e-con e-parent\" data-id=\"75db11a\" data-element_type=\"container\" data-e-type=\"container\">\n\t\t<div class=\"elementor-element elementor-element-b690e5c e-con-full e-flex e-con e-child\" data-id=\"b690e5c\" data-element_type=\"container\" data-e-type=\"container\">\n\t\t\t\t<div class=\"elementor-element elementor-element-102f12c elementor-widget elementor-widget-image\" data-id=\"102f12c\" data-element_type=\"widget\" data-e-type=\"widget\" data-widget_type=\"image.default\">\n\t\t\t\t\t\t\t\t\t\t\t\t\t\t\t<img fetchpriority=\"high\" decoding=\"async\" width=\"800\" height=\"523\" src=\"https:\/\/lebourgogne-restaurant-brasserie.com\/wp-content\/uploads\/2026\/01\/IMG-20260110-WA0003-1-1024x669.jpg\" class=\"attachment-large size-large wp-image-718\" alt=\"\" srcset=\"https:\/\/lebourgogne-restaurant-brasserie.com\/wp-content\/uploads\/2026\/01\/IMG-20260110-WA0003-1-1024x669.jpg 1024w, https:\/\/lebourgogne-restaurant-brasserie.com\/wp-content\/uploads\/2026\/01\/IMG-20260110-WA0003-1-300x196.jpg 300w, https:\/\/lebourgogne-restaurant-brasserie.com\/wp-content\/uploads\/2026\/01\/IMG-20260110-WA0003-1-768x502.jpg 768w, https:\/\/lebourgogne-restaurant-brasserie.com\/wp-content\/uploads\/2026\/01\/IMG-20260110-WA0003-1-1536x1003.jpg 1536w, https:\/\/lebourgogne-restaurant-brasserie.com\/wp-content\/uploads\/2026\/01\/IMG-20260110-WA0003-1.jpg 1600w\" sizes=\"(max-width: 800px) 100vw, 800px\" \/>\t\t\t\t\t\t\t\t\t\t\t\t\t\t\t<\/div>\n\t\t\t\t<\/div>\n\t\t<div class=\"elementor-element elementor-element-ccf8635 e-con-full e-flex e-con e-child\" data-id=\"ccf8635\" data-element_type=\"container\" data-e-type=\"container\">\n\t\t\t\t<div class=\"elementor-element elementor-element-ed6433e elementor-widget elementor-widget-heading\" data-id=\"ed6433e\" data-element_type=\"widget\" data-e-type=\"widget\" data-widget_type=\"heading.default\">\n\t\t\t\t\t<h3 class=\"elementor-heading-title elementor-size-default\">Notre specialit\u00e9<\/h3>\t\t\t\t<\/div>\n\t\t\t\t<div class=\"elementor-element elementor-element-e90a3ff elementor-widget elementor-widget-heading\" data-id=\"e90a3ff\" data-element_type=\"widget\" data-e-type=\"widget\" data-widget_type=\"heading.default\">\n\t\t\t\t\t<h2 class=\"elementor-heading-title elementor-size-default\">AMBIANCE SAVOUREUSE<\/h2>\t\t\t\t<\/div>\n\t\t\t\t<div class=\"elementor-element elementor-element-e5f9bd8 elementor-widget-divider--view-line elementor-widget elementor-widget-divider\" data-id=\"e5f9bd8\" data-element_type=\"widget\" data-e-type=\"widget\" data-widget_type=\"divider.default\">\n\t\t\t\t\t\t\t<div class=\"elementor-divider\">\n\t\t\t<span class=\"elementor-divider-separator\">\n\t\t\t\t\t\t<\/span>\n\t\t<\/div>\n\t\t\t\t\t\t<\/div>\n\t\t\t\t<div class=\"elementor-element elementor-element-dd271fa elementor-widget elementor-widget-text-editor\" data-id=\"dd271fa\" data-element_type=\"widget\" data-e-type=\"widget\" data-widget_type=\"text-editor.default\">\n\t\t\t\t\t\t\t\t\t<p>Dans une ambiance familiale ou coll\u00e9giale, la maison propose des menus traditionnels fran\u00e7ais qui rappellent les bons souvenirs culinaires. Vous voulez manger bien dans un beau cadre, dans les Yvelines, notre personnels de qualit\u00e9 vous r\u00e9servent un accueil chaleureux. Nos vins, champagnes, bi\u00e8res sont bien s\u00e9lectionn\u00e9s pour votre bonheur.<\/p>\t\t\t\t\t\t\t\t<\/div>\n\t\t\t\t<div class=\"elementor-element elementor-element-4d910c4 elementor-widget elementor-widget-button\" data-id=\"4d910c4\" data-element_type=\"widget\" data-e-type=\"widget\" data-widget_type=\"button.default\">\n\t\t\t\t\t\t\t\t\t\t<a class=\"elementor-button elementor-button-link elementor-size-sm\" href=\"tel:06%2031%2039%2019%2097\">\n\t\t\t\t\t\t<span class=\"elementor-button-content-wrapper\">\n\t\t\t\t\t\t\t\t\t<span class=\"elementor-button-text\">R\u00e9server en ligne<\/span>\n\t\t\t\t\t<\/span>\n\t\t\t\t\t<\/a>\n\t\t\t\t\t\t\t\t<\/div>\n\t\t\t\t<\/div>\n\t\t\t\t<\/div>\n\t\t<div class=\"elementor-element elementor-element-2abca7a e-flex e-con-boxed e-con e-parent\" data-id=\"2abca7a\" data-element_type=\"container\" data-e-type=\"container\">\n\t\t\t\t\t<div class=\"e-con-inner\">\n\t\t\t\t<div class=\"elementor-element elementor-element-7abca04 elementor-widget-divider--view-line elementor-widget elementor-widget-divider\" data-id=\"7abca04\" data-element_type=\"widget\" data-e-type=\"widget\" data-widget_type=\"divider.default\">\n\t\t\t\t\t\t\t<div class=\"elementor-divider\">\n\t\t\t<span class=\"elementor-divider-separator\">\n\t\t\t\t\t\t<\/span>\n\t\t<\/div>\n\t\t\t\t\t\t<\/div>\n\t\t\t\t\t<\/div>\n\t\t\t\t<\/div>\n\t\t<div class=\"elementor-element elementor-element-f84ad7c e-con-full e-flex e-con e-parent\" data-id=\"f84ad7c\" data-element_type=\"container\" data-e-type=\"container\">\n\t\t<div class=\"elementor-element elementor-element-778a186 e-con-full e-flex e-con e-child\" data-id=\"778a186\" data-element_type=\"container\" data-e-type=\"container\">\n\t\t\t\t<div class=\"elementor-element elementor-element-22ad67a elementor-widget elementor-widget-image-carousel\" data-id=\"22ad67a\" data-element_type=\"widget\" data-e-type=\"widget\" data-settings=\"{&quot;slides_to_show&quot;:&quot;1&quot;,&quot;navigation&quot;:&quot;none&quot;,&quot;autoplay&quot;:&quot;yes&quot;,&quot;pause_on_interaction&quot;:&quot;yes&quot;,&quot;autoplay_speed&quot;:5000,&quot;infinite&quot;:&quot;yes&quot;,&quot;effect&quot;:&quot;slide&quot;,&quot;speed&quot;:500}\" data-widget_type=\"image-carousel.default\">\n\t\t\t\t\t\t\t<div class=\"elementor-image-carousel-wrapper swiper\" role=\"region\" aria-roledescription=\"carousel\" aria-label=\"Image Carousel\" dir=\"ltr\">\n\t\t\t<div class=\"elementor-image-carousel swiper-wrapper\" aria-live=\"off\">\n\t\t\t\t\t\t\t\t<div class=\"swiper-slide\" role=\"group\" aria-roledescription=\"slide\" aria-label=\"1 sur 2\"><figure class=\"swiper-slide-inner\"><img decoding=\"async\" class=\"swiper-slide-image\" src=\"https:\/\/lebourgogne-restaurant-brasserie.com\/wp-content\/uploads\/2026\/01\/IMG_4257-768x576.webp\" alt=\"IMG_4257\" \/><\/figure><\/div><div class=\"swiper-slide\" role=\"group\" aria-roledescription=\"slide\" aria-label=\"2 sur 2\"><figure class=\"swiper-slide-inner\"><img decoding=\"async\" class=\"swiper-slide-image\" src=\"https:\/\/lebourgogne-restaurant-brasserie.com\/wp-content\/uploads\/2026\/01\/food-slider-768x600.webp\" alt=\"food-slider\" \/><\/figure><\/div>\t\t\t<\/div>\n\t\t\t\t\t\t\t\n\t\t\t\t\t\t\t\t\t<\/div>\n\t\t\t\t\t\t<\/div>\n\t\t\t\t<\/div>\n\t\t<div class=\"elementor-element elementor-element-b708975 e-con-full e-flex e-con e-child\" data-id=\"b708975\" data-element_type=\"container\" data-e-type=\"container\">\n\t\t\t\t<div class=\"elementor-element elementor-element-b28328d elementor-widget elementor-widget-heading\" data-id=\"b28328d\" data-element_type=\"widget\" data-e-type=\"widget\" data-widget_type=\"heading.default\">\n\t\t\t\t\t<h3 class=\"elementor-heading-title elementor-size-default\">Menu\n<\/h3>\t\t\t\t<\/div>\n\t\t\t\t<div class=\"elementor-element elementor-element-3541d06 elementor-widget-divider--view-line elementor-widget elementor-widget-divider\" data-id=\"3541d06\" data-element_type=\"widget\" data-e-type=\"widget\" data-widget_type=\"divider.default\">\n\t\t\t\t\t\t\t<div class=\"elementor-divider\">\n\t\t\t<span class=\"elementor-divider-separator\">\n\t\t\t\t\t\t<\/span>\n\t\t<\/div>\n\t\t\t\t\t\t<\/div>\n\t\t\t\t<div class=\"elementor-element elementor-element-dc6e36b elementor-widget elementor-widget-text-editor\" data-id=\"dc6e36b\" data-element_type=\"widget\" data-e-type=\"widget\" data-widget_type=\"text-editor.default\">\n\t\t\t\t\t\t\t\t\t<div id=\"panel-86-5-1-1\" class=\"so-panel widget widget_sow-editor\" data-index=\"15\"><div class=\"panel-widget-style panel-widget-style-for-86-5-1-1\"><div class=\"so-widget-sow-editor so-widget-sow-editor-base\"><div class=\"siteorigin-widget-tinymce textwidget\"><p>Vous avez diff\u00e9rents choix entre les plats en base de viande, poisson, l\u00e9gumes de saison et autres&#8230;<\/p><p>Nous proposons du couscous tous les vendredis, du tajine, des grillades et autres&#8230;<\/p><p>Vous avez le choix entre diff\u00e9rentes entr\u00e9es, diff\u00e9rents plats et desserts.<\/p><p>Nous proposons aussi des buffets froids.<\/p><\/div><\/div><\/div><\/div>\t\t\t\t\t\t\t\t<\/div>\n\t\t\t\t<div class=\"elementor-element elementor-element-75f22aa elementor-widget elementor-widget-button\" data-id=\"75f22aa\" data-element_type=\"widget\" data-e-type=\"widget\" data-widget_type=\"button.default\">\n\t\t\t\t\t\t\t\t\t\t<a class=\"elementor-button elementor-button-link elementor-size-sm\" href=\"https:\/\/lebourgogne-restaurant-brasserie.com\/en\/menus\/\">\n\t\t\t\t\t\t<span class=\"elementor-button-content-wrapper\">\n\t\t\t\t\t\t\t\t\t<span class=\"elementor-button-text\">D\u00e9couvrez notre carte<\/span>\n\t\t\t\t\t<\/span>\n\t\t\t\t\t<\/a>\n\t\t\t\t\t\t\t\t<\/div>\n\t\t\t\t<\/div>\n\t\t\t\t<\/div>\n\t\t<div class=\"elementor-element elementor-element-d5ef399 e-con-full e-flex e-con e-parent\" data-id=\"d5ef399\" data-element_type=\"container\" data-e-type=\"container\">\n\t\t\t\t<div class=\"elementor-element elementor-element-bd81587 elementor-widget elementor-widget-image\" data-id=\"bd81587\" data-element_type=\"widget\" data-e-type=\"widget\" data-widget_type=\"image.default\">\n\t\t\t\t\t\t\t\t\t\t\t\t\t\t\t<img decoding=\"async\" src=\"https:\/\/lebourgogne-restaurant-brasserie.com\/wp-content\/uploads\/2026\/01\/IMG_2176-scaled.jpg\" title=\"IMG_2176\" alt=\"IMG_2176\" loading=\"lazy\" \/>\t\t\t\t\t\t\t\t\t\t\t\t\t\t\t<\/div>\n\t\t\t\t<\/div>\n\t\t\t\t<\/div>","protected":false},"excerpt":{"rendered":"<p>LE BONHEUR DE VOUS FAIRE PLAISIRAVEC DES PRIX ABORDABLES LE BONHEUR DE VOUS FAIRE PLAISIRAVEC DES PRIX ABORDABLES https:\/\/lebourgogne-restaurant-brasserie.com\/wp-content\/uploads\/2026\/01\/WhatsApp-Video-2026-01-10-at-3.45.39-PM.mp4 BAR-restaurant-brasserie location de salle pour touT \u00e9v\u00e9nement: Anniversaire, Mariage, repas d&rsquo;entreprise, banquet&#8230; Le Bourgogne est un\u00a0 restaurant-Brasserie traditionnel fran\u00e7ais, situ\u00e9 au\u00a074 rue Pereire, 78100\u00a0\u00e0 Saint Germain-en-Laye, \u00e0 10 mn du ch\u00e2teau, pas loin de Paris, en [&hellip;]<\/p>","protected":false},"author":1,"featured_media":0,"parent":0,"menu_order":0,"comment_status":"closed","ping_status":"closed","template":"","meta":{"footnotes":""},"class_list":["post-37","page","type-page","status-publish","hentry"],"_links":{"self":[{"href":"https:\/\/lebourgogne-restaurant-brasserie.com\/en\/wp-json\/wp\/v2\/pages\/37","targetHints":{"allow":["GET"]}}],"collection":[{"href":"https:\/\/lebourgogne-restaurant-brasserie.com\/en\/wp-json\/wp\/v2\/pages"}],"about":[{"href":"https:\/\/lebourgogne-restaurant-brasserie.com\/en\/wp-json\/wp\/v2\/types\/page"}],"author":[{"embeddable":true,"href":"https:\/\/lebourgogne-restaurant-brasserie.com\/en\/wp-json\/wp\/v2\/users\/1"}],"replies":[{"embeddable":true,"href":"https:\/\/lebourgogne-restaurant-brasserie.com\/en\/wp-json\/wp\/v2\/comments?post=37"}],"version-history":[{"count":409,"href":"https:\/\/lebourgogne-restaurant-brasserie.com\/en\/wp-json\/wp\/v2\/pages\/37\/revisions"}],"predecessor-version":[{"id":1172,"href":"https:\/\/lebourgogne-restaurant-brasserie.com\/en\/wp-json\/wp\/v2\/pages\/37\/revisions\/1172"}],"wp:attachment":[{"href":"https:\/\/lebourgogne-restaurant-brasserie.com\/en\/wp-json\/wp\/v2\/media?parent=37"}],"curies":[{"name":"wp","href":"https:\/\/api.w.org\/{rel}","templated":true}]}}