{"id":342,"date":"2026-01-05T14:12:31","date_gmt":"2026-01-05T14:12:31","guid":{"rendered":"https:\/\/lebourgogne-restaurant-brasserie.com\/?page_id=342"},"modified":"2026-01-29T20:53:23","modified_gmt":"2026-01-29T20:53:23","slug":"our-normandy","status":"publish","type":"page","link":"https:\/\/lebourgogne-restaurant-brasserie.com\/en\/our-normandy\/","title":{"rendered":"our-normandy"},"content":{"rendered":"<div data-elementor-type=\"wp-page\" data-elementor-id=\"342\" class=\"elementor elementor-342\">\n\t\t\t\t<div class=\"elementor-element elementor-element-d43d807 e-con-full e-flex e-con e-parent\" data-id=\"d43d807\" data-element_type=\"container\" data-e-type=\"container\" data-settings=\"{&quot;background_background&quot;:&quot;classic&quot;}\">\n\t\t\t\t<\/div>\n\t\t<div class=\"elementor-element elementor-element-deaf8a7 e-flex e-con-boxed e-con e-parent\" data-id=\"deaf8a7\" data-element_type=\"container\" data-e-type=\"container\">\n\t\t\t\t\t<div class=\"e-con-inner\">\n\t\t\t\t<div class=\"elementor-element elementor-element-e6ff145 elementor-widget elementor-widget-heading\" data-id=\"e6ff145\" data-element_type=\"widget\" data-e-type=\"widget\" data-widget_type=\"heading.default\">\n\t\t\t\t\t<h3 class=\"elementor-heading-title elementor-size-default\">ACCESSIBILITE<\/h3>\t\t\t\t<\/div>\n\t\t\t\t<div class=\"elementor-element elementor-element-09d88c6 elementor-widget elementor-widget-text-editor\" data-id=\"09d88c6\" data-element_type=\"widget\" data-e-type=\"widget\" data-widget_type=\"text-editor.default\">\n\t\t\t\t\t\t\t\t\t<div id=\"panel-1082-1-0-1\" class=\"so-panel widget widget_sow-editor\" data-index=\"2\"><div class=\"so-widget-sow-editor so-widget-sow-editor-base\"><div class=\"siteorigin-widget-tinymce textwidget\"><p>Saint germain-en-laye est une ville symbolis\u00e9 par son ch\u00e2teau \u00e0 c\u00f4t\u00e9 de la Gare RER A, \u00e0 moins de trente minutes de Paris.<\/p><p>Notre BAR-RESTAURANT-BRASSERIE situ\u00e9 \u00e0 10 mn en voiture de ch\u00e2teau, est dot\u00e9 de place de parking o\u00f9 vous pourrez vous garer facilement.<\/p><p>Au menu vous avez la possibilit\u00e9 de commander des buffets froids ou chauds. Le plat de jour change tous les jours en fonction des arrivages mais certains sont disponibles. Donc vous avez un choix vari\u00e9s.<\/p><p>Diff\u00e9rents choix de boissons fraiches et chaudes sont propos\u00e9s au bar et en salle. Vous avez le choix entre diff\u00e9rentes bi\u00e8res en bouteille ou pression, mais aussi diff\u00e9rents vins bien s\u00e9lection par le patron qui a plus de 30 ans de comp\u00e9tences. En plus, nos boissons chaudes (caf\u00e9, th\u00e9, infusion et autres&#8230;) vous accompagnent seul ou avec des amis.<\/p><p>Notre force, c&rsquo;est notre exp\u00e9rience forg\u00e9 dans le temps \u00e0 travers nos voyage mais aussi nos formations et pratiques dans la gestion de la restauration!<\/p><\/div><\/div><\/div><div id=\"panel-1082-1-0-2\" class=\"so-panel widget widget_sow-editor panel-last-child\" data-index=\"3\"><div class=\"so-widget-sow-editor so-widget-sow-editor-base\"><h3 class=\"widget-title\">BIENVENUE A SAINT GERMAIN, AU RESTAURANT LE BOURGOGNE :<\/h3><div class=\"siteorigin-widget-tinymce textwidget\"><ul><li>Bien accueilli<\/li><li>Bien manger<\/li><li>Bien boire<\/li><li>Belle ambiance<\/li><\/ul><\/div><\/div><\/div><p>\u00a0<\/p>\t\t\t\t\t\t\t\t<\/div>\n\t\t\t\t\t<\/div>\n\t\t\t\t<\/div>\n\t\t<div class=\"elementor-element elementor-element-c0e6a30 e-flex e-con-boxed e-con e-parent\" data-id=\"c0e6a30\" data-element_type=\"container\" data-e-type=\"container\">\n\t\t\t\t\t<div class=\"e-con-inner\">\n\t\t<div class=\"elementor-element elementor-element-3ee2d9d e-con-full e-flex e-con e-child\" data-id=\"3ee2d9d\" data-element_type=\"container\" data-e-type=\"container\" data-settings=\"{&quot;background_background&quot;:&quot;classic&quot;}\">\n\t\t\t\t<div class=\"elementor-element elementor-element-e8a306e elementor-widget elementor-widget-spacer\" data-id=\"e8a306e\" data-element_type=\"widget\" data-e-type=\"widget\" data-widget_type=\"spacer.default\">\n\t\t\t\t\t\t\t<div class=\"elementor-spacer\">\n\t\t\t<div class=\"elementor-spacer-inner\"><\/div>\n\t\t<\/div>\n\t\t\t\t\t\t<\/div>\n\t\t\t\t<\/div>\n\t\t<div class=\"elementor-element elementor-element-2a1f9ba e-con-full e-flex e-con e-child\" data-id=\"2a1f9ba\" data-element_type=\"container\" data-e-type=\"container\">\n\t\t<div class=\"elementor-element elementor-element-e46761e e-con-full e-flex e-con e-child\" data-id=\"e46761e\" data-element_type=\"container\" data-e-type=\"container\" data-settings=\"{&quot;background_background&quot;:&quot;classic&quot;}\">\n\t\t\t\t<div class=\"elementor-element elementor-element-ef680cd elementor-widget elementor-widget-spacer\" data-id=\"ef680cd\" data-element_type=\"widget\" data-e-type=\"widget\" data-widget_type=\"spacer.default\">\n\t\t\t\t\t\t\t<div class=\"elementor-spacer\">\n\t\t\t<div class=\"elementor-spacer-inner\"><\/div>\n\t\t<\/div>\n\t\t\t\t\t\t<\/div>\n\t\t\t\t<\/div>\n\t\t\t\t<\/div>\n\t\t\t\t\t<\/div>\n\t\t\t\t<\/div>\n\t\t\t\t<\/div>","protected":false},"excerpt":{"rendered":"<p>ACCESSIBILITE Saint germain-en-laye est une ville symbolis\u00e9 par son ch\u00e2teau \u00e0 c\u00f4t\u00e9 de la Gare RER A, \u00e0 moins de trente minutes de Paris. Notre BAR-RESTAURANT-BRASSERIE situ\u00e9 \u00e0 10 mn en voiture de ch\u00e2teau, est dot\u00e9 de place de parking o\u00f9 vous pourrez vous garer facilement. Au menu vous avez la possibilit\u00e9 de commander des [&hellip;]<\/p>","protected":false},"author":1,"featured_media":0,"parent":0,"menu_order":0,"comment_status":"closed","ping_status":"closed","template":"","meta":{"footnotes":""},"class_list":["post-342","page","type-page","status-publish","hentry"],"_links":{"self":[{"href":"https:\/\/lebourgogne-restaurant-brasserie.com\/en\/wp-json\/wp\/v2\/pages\/342","targetHints":{"allow":["GET"]}}],"collection":[{"href":"https:\/\/lebourgogne-restaurant-brasserie.com\/en\/wp-json\/wp\/v2\/pages"}],"about":[{"href":"https:\/\/lebourgogne-restaurant-brasserie.com\/en\/wp-json\/wp\/v2\/types\/page"}],"author":[{"embeddable":true,"href":"https:\/\/lebourgogne-restaurant-brasserie.com\/en\/wp-json\/wp\/v2\/users\/1"}],"replies":[{"embeddable":true,"href":"https:\/\/lebourgogne-restaurant-brasserie.com\/en\/wp-json\/wp\/v2\/comments?post=342"}],"version-history":[{"count":58,"href":"https:\/\/lebourgogne-restaurant-brasserie.com\/en\/wp-json\/wp\/v2\/pages\/342\/revisions"}],"predecessor-version":[{"id":1166,"href":"https:\/\/lebourgogne-restaurant-brasserie.com\/en\/wp-json\/wp\/v2\/pages\/342\/revisions\/1166"}],"wp:attachment":[{"href":"https:\/\/lebourgogne-restaurant-brasserie.com\/en\/wp-json\/wp\/v2\/media?parent=342"}],"curies":[{"name":"wp","href":"https:\/\/api.w.org\/{rel}","templated":true}]}}