{"id":331,"date":"2026-01-05T13:57:51","date_gmt":"2026-01-05T13:57:51","guid":{"rendered":"https:\/\/lebourgogne-restaurant-brasserie.com\/?page_id=331"},"modified":"2026-01-27T06:57:46","modified_gmt":"2026-01-27T06:57:46","slug":"our-story","status":"publish","type":"page","link":"https:\/\/lebourgogne-restaurant-brasserie.com\/en\/our-story\/","title":{"rendered":"our-story"},"content":{"rendered":"<div data-elementor-type=\"wp-page\" data-elementor-id=\"331\" class=\"elementor elementor-331\">\n\t\t\t\t<div class=\"elementor-element elementor-element-f9bf7df e-flex e-con-boxed e-con e-parent\" data-id=\"f9bf7df\" data-element_type=\"container\" data-e-type=\"container\">\n\t\t\t\t\t<div class=\"e-con-inner\">\n\t\t<div class=\"elementor-element elementor-element-93e6a80 e-con-full e-flex e-con e-child\" data-id=\"93e6a80\" data-element_type=\"container\" data-e-type=\"container\">\n\t\t\t\t<div class=\"elementor-element elementor-element-250db4c elementor-widget elementor-widget-image\" data-id=\"250db4c\" data-element_type=\"widget\" data-e-type=\"widget\" data-widget_type=\"image.default\">\n\t\t\t\t\t\t\t\t\t\t\t\t\t\t\t<img fetchpriority=\"high\" decoding=\"async\" width=\"500\" height=\"700\" src=\"https:\/\/lebourgogne-restaurant-brasserie.com\/wp-content\/uploads\/2026\/01\/a-propp.jpg\" class=\"attachment-large size-large wp-image-670\" alt=\"\" srcset=\"https:\/\/lebourgogne-restaurant-brasserie.com\/wp-content\/uploads\/2026\/01\/a-propp.jpg 500w, https:\/\/lebourgogne-restaurant-brasserie.com\/wp-content\/uploads\/2026\/01\/a-propp-214x300.jpg 214w\" sizes=\"(max-width: 500px) 100vw, 500px\" \/>\t\t\t\t\t\t\t\t\t\t\t\t\t\t\t<\/div>\n\t\t\t\t<\/div>\n\t\t<div class=\"elementor-element elementor-element-19d5bee e-con-full e-flex e-con e-child\" data-id=\"19d5bee\" data-element_type=\"container\" data-e-type=\"container\">\n\t\t\t\t<div class=\"elementor-element elementor-element-fd9dcbe elementor-widget elementor-widget-image\" data-id=\"fd9dcbe\" data-element_type=\"widget\" data-e-type=\"widget\" data-widget_type=\"image.default\">\n\t\t\t\t\t\t\t\t\t\t\t\t\t\t\t<img decoding=\"async\" width=\"500\" height=\"700\" src=\"https:\/\/lebourgogne-restaurant-brasserie.com\/wp-content\/uploads\/2026\/01\/a-prop.jpg\" class=\"attachment-large size-large wp-image-668\" alt=\"\" srcset=\"https:\/\/lebourgogne-restaurant-brasserie.com\/wp-content\/uploads\/2026\/01\/a-prop.jpg 500w, https:\/\/lebourgogne-restaurant-brasserie.com\/wp-content\/uploads\/2026\/01\/a-prop-214x300.jpg 214w\" sizes=\"(max-width: 500px) 100vw, 500px\" \/>\t\t\t\t\t\t\t\t\t\t\t\t\t\t\t<\/div>\n\t\t\t\t<\/div>\n\t\t\t\t\t<\/div>\n\t\t\t\t<\/div>\n\t\t<div class=\"elementor-element elementor-element-159f5f6 e-con-full e-flex e-con e-parent\" data-id=\"159f5f6\" data-element_type=\"container\" data-e-type=\"container\">\n\t\t\t\t<div class=\"elementor-element elementor-element-5c52a40 elementor-widget elementor-widget-text-editor\" data-id=\"5c52a40\" data-element_type=\"widget\" data-e-type=\"widget\" data-widget_type=\"text-editor.default\">\n\t\t\t\t\t\t\t\t\t<div>Fort de notre exp\u00e9rience de plus de 20 ans dans la restauration, nous avons une maitrise de l&rsquo;approvisionnement en produits frais de qualit\u00e9, aupr\u00e8s des meilleurs fournisseurs.\u00a0Nos \u00e9quipes en cuisines sont bien form\u00e9s \u00e0 la cuisine gastronomique.\u00a0Notre \u00e9quipe en salle et au bar vous r\u00e9serve un accueil chaleureux dans une ambiance de famille.\u00a0Vous serez bien re\u00e7us et servi par le personnel tr\u00e8s comp\u00e9tent.<\/div>\t\t\t\t\t\t\t\t<\/div>\n\t\t\t\t<\/div>\n\t\t<div class=\"elementor-element elementor-element-e372112 e-flex e-con-boxed e-con e-parent\" data-id=\"e372112\" data-element_type=\"container\" data-e-type=\"container\">\n\t\t\t\t\t<div class=\"e-con-inner\">\n\t\t\t\t<div class=\"elementor-element elementor-element-6ff1ded elementor-widget elementor-widget-heading\" data-id=\"6ff1ded\" data-element_type=\"widget\" data-e-type=\"widget\" data-widget_type=\"heading.default\">\n\t\t\t\t\t<h3 class=\"elementor-heading-title elementor-size-default\">restaurant traditionnel dans les yvelines<\/h3>\t\t\t\t<\/div>\n\t\t\t\t<div class=\"elementor-element elementor-element-ae539bf elementor-widget elementor-widget-text-editor\" data-id=\"ae539bf\" data-element_type=\"widget\" data-e-type=\"widget\" data-widget_type=\"text-editor.default\">\n\t\t\t\t\t\t\t\t\t<p>Nous offrons de la qualit\u00e9 gr\u00e2ce \u00e0 nos fournisseurs qui nous proposent des produits de frais et de saisons. Nos boissons sont bien s\u00e9lectionn\u00e9s pour accompagner vos repas \u00e0 midi ou le soir. En dehors des repas, vous pouvez aussi boire un verre avec des proches au bar.<\/p><p>Vous \u00eates un particulier, une famille, des coll\u00e8gues, une entreprise, une groupe d&rsquo;ami, venez d\u00e9couvrir notre cadre chaleureux ouvert le matin, le midi et le soir. Vous avez aussi la possibilit\u00e9 de le privatiser.<\/p><p>\u00a0<\/p><div>Vous avez la possibilit\u00e9 de commander un sandwich au choix, de prendre un ap\u00e9ro en HAPPY HOUR.\u00a0 <\/div><div>\u00a0<\/div>\t\t\t\t\t\t\t\t<\/div>\n\t\t\t\t\t<\/div>\n\t\t\t\t<\/div>\n\t\t<div class=\"elementor-element elementor-element-d8fca58 e-flex e-con-boxed e-con e-parent\" data-id=\"d8fca58\" data-element_type=\"container\" data-e-type=\"container\">\n\t\t\t\t\t<div class=\"e-con-inner\">\n\t\t\t\t<div class=\"elementor-element elementor-element-d13e0e1 elementor-widget elementor-widget-heading\" data-id=\"d13e0e1\" data-element_type=\"widget\" data-e-type=\"widget\" data-widget_type=\"heading.default\">\n\t\t\t\t\t<h2 class=\"elementor-heading-title elementor-size-default\">NOS DEUX GRANDES SALLES<\/h2>\t\t\t\t<\/div>\n\t\t\t\t<div class=\"elementor-element elementor-element-da03ee4 elementor-widget elementor-widget-text-editor\" data-id=\"da03ee4\" data-element_type=\"widget\" data-e-type=\"widget\" data-widget_type=\"text-editor.default\">\n\t\t\t\t\t\t\t\t\t<div id=\"pg-1074-0\" class=\"panel-grid panel-no-style\"><div id=\"pgc-1074-0-0\" class=\"panel-grid-cell\"><div id=\"panel-1074-0-0-4\" class=\"so-panel widget widget_sow-editor panel-last-child\" data-index=\"4\"><div class=\"so-widget-sow-editor so-widget-sow-editor-base\"><div class=\"siteorigin-widget-tinymce textwidget\"><p>Chacune des salles peux accueillir entre vingt et trente personnes. Nous avons des petites tables mais aussi des grandes tables modulables en fonction du nombre de personnes.<\/p><\/div><div class=\"siteorigin-widget-tinymce textwidget\">C&rsquo;est un cadre id\u00e9al pour manger en famille, groupe mais aussi et surtout pour organiser des \u00e9v\u00e9nements (repas d&rsquo;affaire, banquet, anniversaire et autres&#8230;). Les \u00e9tudiants peuvent aussi y organiser des travaux de groupe ou boire un verre apr\u00e8s les cours.<\/div><\/div><\/div><\/div><\/div>\t\t\t\t\t\t\t\t<\/div>\n\t\t\t\t\t<\/div>\n\t\t\t\t<\/div>\n\t\t<div class=\"elementor-element elementor-element-2fbd0e8 e-flex e-con-boxed e-con e-parent\" data-id=\"2fbd0e8\" data-element_type=\"container\" data-e-type=\"container\">\n\t\t\t\t\t<div class=\"e-con-inner\">\n\t\t\t\t<div class=\"elementor-element elementor-element-2d390af elementor-widget elementor-widget-heading\" data-id=\"2d390af\" data-element_type=\"widget\" data-e-type=\"widget\" data-widget_type=\"heading.default\">\n\t\t\t\t\t<h3 class=\"elementor-heading-title elementor-size-default\">LA QUALITE DU SERVICE<\/h3>\t\t\t\t<\/div>\n\t\t\t\t<div class=\"elementor-element elementor-element-2d74ee5 elementor-widget elementor-widget-text-editor\" data-id=\"2d74ee5\" data-element_type=\"widget\" data-e-type=\"widget\" data-widget_type=\"text-editor.default\">\n\t\t\t\t\t\t\t\t\t<p>Vous avez la nostalgie ou vous vous voulez d\u00e9couvrir la cuisine traditionnelle fran\u00e7aise, venez prendre place dans notre restaurant qui vous accueille seul ou accompagn\u00e9. Le restaurant est bien r\u00e9put\u00e9 par les habitu\u00e9s ou les personnes de passage, gr\u00e2ce \u00e0 l&rsquo;hospitalit\u00e9 du personnel tr\u00e8s exp\u00e9riment\u00e9.<\/p>\t\t\t\t\t\t\t\t<\/div>\n\t\t\t\t\t<\/div>\n\t\t\t\t<\/div>\n\t\t<div class=\"elementor-element elementor-element-b253bda e-con-full e-flex e-con e-parent\" data-id=\"b253bda\" data-element_type=\"container\" data-e-type=\"container\">\n\t\t\t\t<div class=\"elementor-element elementor-element-0a565be elementor-widget elementor-widget-heading\" data-id=\"0a565be\" data-element_type=\"widget\" data-e-type=\"widget\" data-widget_type=\"heading.default\">\n\t\t\t\t\t<h2 class=\"elementor-heading-title elementor-size-default\">LE MANAGEMENT EST TOP. <\/h2>\t\t\t\t<\/div>\n\t\t\t\t<\/div>\n\t\t<div class=\"elementor-element elementor-element-2dd6ca0 e-con-full e-flex e-con e-parent\" data-id=\"2dd6ca0\" data-element_type=\"container\" data-e-type=\"container\">\n\t\t<div class=\"elementor-element elementor-element-2895dc7 e-con-full e-flex e-con e-child\" data-id=\"2895dc7\" data-element_type=\"container\" data-e-type=\"container\">\n\t\t\t\t<div class=\"elementor-element elementor-element-37431c2 elementor-widget elementor-widget-image\" data-id=\"37431c2\" data-element_type=\"widget\" data-e-type=\"widget\" data-widget_type=\"image.default\">\n\t\t\t\t\t\t\t\t\t\t\t\t\t\t\t<img decoding=\"async\" width=\"500\" height=\"700\" src=\"https:\/\/lebourgogne-restaurant-brasserie.com\/wp-content\/uploads\/2026\/01\/menu-top.jpg\" class=\"attachment-large size-large wp-image-802\" alt=\"\" srcset=\"https:\/\/lebourgogne-restaurant-brasserie.com\/wp-content\/uploads\/2026\/01\/menu-top.jpg 500w, https:\/\/lebourgogne-restaurant-brasserie.com\/wp-content\/uploads\/2026\/01\/menu-top-214x300.jpg 214w\" sizes=\"(max-width: 500px) 100vw, 500px\" \/>\t\t\t\t\t\t\t\t\t\t\t\t\t\t\t<\/div>\n\t\t\t\t<\/div>\n\t\t<div class=\"elementor-element elementor-element-41a13a8 e-con-full e-flex e-con e-child\" data-id=\"41a13a8\" data-element_type=\"container\" data-e-type=\"container\">\n\t\t\t\t<div class=\"elementor-element elementor-element-ff0e6e6 elementor-widget elementor-widget-image\" data-id=\"ff0e6e6\" data-element_type=\"widget\" data-e-type=\"widget\" data-widget_type=\"image.default\">\n\t\t\t\t\t\t\t\t\t\t\t\t\t\t\t<img loading=\"lazy\" decoding=\"async\" width=\"500\" height=\"700\" src=\"https:\/\/lebourgogne-restaurant-brasserie.com\/wp-content\/uploads\/2026\/01\/le-rest.jpg\" class=\"attachment-large size-large wp-image-674\" alt=\"\" srcset=\"https:\/\/lebourgogne-restaurant-brasserie.com\/wp-content\/uploads\/2026\/01\/le-rest.jpg 500w, https:\/\/lebourgogne-restaurant-brasserie.com\/wp-content\/uploads\/2026\/01\/le-rest-214x300.jpg 214w\" sizes=\"(max-width: 500px) 100vw, 500px\" \/>\t\t\t\t\t\t\t\t\t\t\t\t\t\t\t<\/div>\n\t\t\t\t<\/div>\n\t\t\t\t<\/div>\n\t\t\t\t<\/div>","protected":false},"excerpt":{"rendered":"<p>Fort de notre exp\u00e9rience de plus de 20 ans dans la restauration, nous avons une maitrise de l&rsquo;approvisionnement en produits frais de qualit\u00e9, aupr\u00e8s des meilleurs fournisseurs.\u00a0Nos \u00e9quipes en cuisines sont bien form\u00e9s \u00e0 la cuisine gastronomique.\u00a0Notre \u00e9quipe en salle et au bar vous r\u00e9serve un accueil chaleureux dans une ambiance de famille.\u00a0Vous serez bien [&hellip;]<\/p>","protected":false},"author":1,"featured_media":0,"parent":0,"menu_order":0,"comment_status":"closed","ping_status":"closed","template":"","meta":{"footnotes":""},"class_list":["post-331","page","type-page","status-publish","hentry"],"_links":{"self":[{"href":"https:\/\/lebourgogne-restaurant-brasserie.com\/en\/wp-json\/wp\/v2\/pages\/331","targetHints":{"allow":["GET"]}}],"collection":[{"href":"https:\/\/lebourgogne-restaurant-brasserie.com\/en\/wp-json\/wp\/v2\/pages"}],"about":[{"href":"https:\/\/lebourgogne-restaurant-brasserie.com\/en\/wp-json\/wp\/v2\/types\/page"}],"author":[{"embeddable":true,"href":"https:\/\/lebourgogne-restaurant-brasserie.com\/en\/wp-json\/wp\/v2\/users\/1"}],"replies":[{"embeddable":true,"href":"https:\/\/lebourgogne-restaurant-brasserie.com\/en\/wp-json\/wp\/v2\/comments?post=331"}],"version-history":[{"count":94,"href":"https:\/\/lebourgogne-restaurant-brasserie.com\/en\/wp-json\/wp\/v2\/pages\/331\/revisions"}],"predecessor-version":[{"id":919,"href":"https:\/\/lebourgogne-restaurant-brasserie.com\/en\/wp-json\/wp\/v2\/pages\/331\/revisions\/919"}],"wp:attachment":[{"href":"https:\/\/lebourgogne-restaurant-brasserie.com\/en\/wp-json\/wp\/v2\/media?parent=331"}],"curies":[{"name":"wp","href":"https:\/\/api.w.org\/{rel}","templated":true}]}}