{"id":223,"date":"2026-01-04T17:27:53","date_gmt":"2026-01-04T17:27:53","guid":{"rendered":"https:\/\/lebourgogne-restaurant-brasserie.com\/?page_id=223"},"modified":"2026-01-29T19:01:32","modified_gmt":"2026-01-29T19:01:32","slug":"contact","status":"publish","type":"page","link":"https:\/\/lebourgogne-restaurant-brasserie.com\/en\/contact\/","title":{"rendered":"contact"},"content":{"rendered":"<div data-elementor-type=\"wp-page\" data-elementor-id=\"223\" class=\"elementor elementor-223\">\n\t\t\t\t<div class=\"elementor-element elementor-element-133b7b1 e-flex e-con-boxed e-con e-parent\" data-id=\"133b7b1\" data-element_type=\"container\" data-e-type=\"container\">\n\t\t\t\t\t<div class=\"e-con-inner\">\n\t\t\t\t<div class=\"elementor-element elementor-element-26e2e46 elementor-widget elementor-widget-heading\" data-id=\"26e2e46\" data-element_type=\"widget\" data-e-type=\"widget\" data-widget_type=\"heading.default\">\n\t\t\t\t\t<h3 class=\"elementor-heading-title elementor-size-default\">contact<\/h3>\t\t\t\t<\/div>\n\t\t\t\t\t<\/div>\n\t\t\t\t<\/div>\n\t\t<div class=\"elementor-element elementor-element-253320c e-flex e-con-boxed e-con e-parent\" data-id=\"253320c\" data-element_type=\"container\" data-e-type=\"container\">\n\t\t\t\t\t<div class=\"e-con-inner\">\n\t\t<div class=\"elementor-element elementor-element-ae77996 e-con-full e-flex e-con e-child\" data-id=\"ae77996\" data-element_type=\"container\" data-e-type=\"container\">\n\t\t\t\t<div class=\"elementor-element elementor-element-a71f5c9 elementor-widget elementor-widget-text-editor\" data-id=\"a71f5c9\" data-element_type=\"widget\" data-e-type=\"widget\" data-widget_type=\"text-editor.default\">\n\t\t\t\t\t\t\t\t\t<p>Pour plus d&rsquo;informations, envoyez nous un email \u00e0: <a href=\"mailto:larhoc@icloud.com\">larhoc@icloud.com<\/a><\/p>\t\t\t\t\t\t\t\t<\/div>\n\t\t\t\t<div class=\"elementor-element elementor-element-497e470 elementor-widget elementor-widget-text-editor\" data-id=\"497e470\" data-element_type=\"widget\" data-e-type=\"widget\" data-widget_type=\"text-editor.default\">\n\t\t\t\t\t\t\t\t\t<p><a href=\"https:\/\/www.google.com\/maps\/search\/74+rue+Pereire,+78100?entry=gmail&amp;source=g\" target=\"_blank\" rel=\"noopener\">74 rue Pereire, 78100<\/a>\u00a0Saint Germain-en-Laye<\/p><p>Vous pouvez nous appeler aussi au 09 83 66 56 99 ou 06 31 39 19 97<\/p>\t\t\t\t\t\t\t\t<\/div>\n\t\t\t\t<div class=\"elementor-element elementor-element-406b7a2 elementor-widget elementor-widget-heading\" data-id=\"406b7a2\" data-element_type=\"widget\" data-e-type=\"widget\" data-widget_type=\"heading.default\">\n\t\t\t\t\t<h3 class=\"elementor-heading-title elementor-size-default\">LE PLAN D'ACCES DE NOTRE BAR-RESTAURANT-BRASSERIE, LE BOURGOGNE<\/h3>\t\t\t\t<\/div>\n\t\t\t\t<div class=\"elementor-element elementor-element-caa0d95 elementor-widget elementor-widget-google_maps\" data-id=\"caa0d95\" data-element_type=\"widget\" data-e-type=\"widget\" data-widget_type=\"google_maps.default\">\n\t\t\t\t\t\t\t<div class=\"elementor-custom-embed\">\n\t\t\t<iframe loading=\"lazy\"\n\t\t\t\t\tsrc=\"https:\/\/maps.google.com\/maps?q=74%20rue%20Pereire%2C%2078100%C2%A0Saint%20Germain-en-Laye&#038;t=m&#038;z=10&#038;output=embed&#038;iwloc=near\"\n\t\t\t\t\ttitle=\"74 rue Pereire, 78100\u00a0Saint Germain-en-Laye\"\n\t\t\t\t\taria-label=\"74 rue Pereire, 78100\u00a0Saint Germain-en-Laye\"\n\t\t\t><\/iframe>\n\t\t<\/div>\n\t\t\t\t\t\t<\/div>\n\t\t\t\t<\/div>\n\t\t<div class=\"elementor-element elementor-element-46ae979 e-con-full e-flex e-con e-child\" data-id=\"46ae979\" data-element_type=\"container\" data-e-type=\"container\">\n\t\t\t\t<div class=\"elementor-element elementor-element-b17b011 elementor-widget elementor-widget-heading\" data-id=\"b17b011\" data-element_type=\"widget\" data-e-type=\"widget\" data-widget_type=\"heading.default\">\n\t\t\t\t\t<h3 class=\"elementor-heading-title elementor-size-default\">SAINT GERMAIN-EN-LAYE ET PARIS<\/h3>\t\t\t\t<\/div>\n\t\t\t\t<div class=\"elementor-element elementor-element-7cc405b elementor-widget elementor-widget-text-editor\" data-id=\"7cc405b\" data-element_type=\"widget\" data-e-type=\"widget\" data-widget_type=\"text-editor.default\">\n\t\t\t\t\t\t\t\t\t<div id=\"panel-86-5-1-1\" class=\"so-panel widget widget_sow-editor\" data-index=\"15\"><div class=\"panel-widget-style panel-widget-style-for-86-5-1-1\"><div class=\"so-widget-sow-editor so-widget-sow-editor-base\"><div class=\"siteorigin-widget-tinymce textwidget\"><p>Durant votre visite \u00e0 Saint germain-en-laye, saisissez l&rsquo;opportunit\u00e9 de d\u00e9couvrir notre Restaurant Lebougogne et le beau ch\u00e2teau en plein centre ville\u2026<\/p><p>A Paris vous avez aussi l&rsquo;avenue des Champs Elys\u00e9es, l&rsquo; Arc de Triomphe, l&rsquo;Avenue Montaigne.<\/p><p>Sur la Seine vous avez:<br \/>La Tour Eiffel, Le Grand Palais<br \/>Le mus\u00e9e du Quai Branly<br \/>d&rsquo;Orsay, le Louvre et l&rsquo;Op\u00e9ra Garnier<br \/>&#8230;<\/p><\/div><\/div><\/div><\/div>\t\t\t\t\t\t\t\t<\/div>\n\t\t\t\t<\/div>\n\t\t\t\t\t<\/div>\n\t\t\t\t<\/div>\n\t\t\t\t<\/div>","protected":false},"excerpt":{"rendered":"<p>contact Pour plus d&rsquo;informations, envoyez nous un email \u00e0: larhoc@icloud.com 74 rue Pereire, 78100\u00a0Saint Germain-en-Laye Vous pouvez nous appeler aussi au 09 83 66 56 99 ou 06 31 39 19 97 LE PLAN D&rsquo;ACCES DE NOTRE BAR-RESTAURANT-BRASSERIE, LE BOURGOGNE SAINT GERMAIN-EN-LAYE ET PARIS Durant votre visite \u00e0 Saint germain-en-laye, saisissez l&rsquo;opportunit\u00e9 de d\u00e9couvrir notre [&hellip;]<\/p>","protected":false},"author":1,"featured_media":0,"parent":0,"menu_order":0,"comment_status":"closed","ping_status":"closed","template":"","meta":{"footnotes":""},"class_list":["post-223","page","type-page","status-publish","hentry"],"_links":{"self":[{"href":"https:\/\/lebourgogne-restaurant-brasserie.com\/en\/wp-json\/wp\/v2\/pages\/223","targetHints":{"allow":["GET"]}}],"collection":[{"href":"https:\/\/lebourgogne-restaurant-brasserie.com\/en\/wp-json\/wp\/v2\/pages"}],"about":[{"href":"https:\/\/lebourgogne-restaurant-brasserie.com\/en\/wp-json\/wp\/v2\/types\/page"}],"author":[{"embeddable":true,"href":"https:\/\/lebourgogne-restaurant-brasserie.com\/en\/wp-json\/wp\/v2\/users\/1"}],"replies":[{"embeddable":true,"href":"https:\/\/lebourgogne-restaurant-brasserie.com\/en\/wp-json\/wp\/v2\/comments?post=223"}],"version-history":[{"count":55,"href":"https:\/\/lebourgogne-restaurant-brasserie.com\/en\/wp-json\/wp\/v2\/pages\/223\/revisions"}],"predecessor-version":[{"id":1141,"href":"https:\/\/lebourgogne-restaurant-brasserie.com\/en\/wp-json\/wp\/v2\/pages\/223\/revisions\/1141"}],"wp:attachment":[{"href":"https:\/\/lebourgogne-restaurant-brasserie.com\/en\/wp-json\/wp\/v2\/media?parent=223"}],"curies":[{"name":"wp","href":"https:\/\/api.w.org\/{rel}","templated":true}]}}